{"id":18,"date":"2026-02-03T08:12:37","date_gmt":"2026-02-03T08:12:37","guid":{"rendered":"https:\/\/makaronresto.ee\/?page_id=18"},"modified":"2026-02-12T11:11:02","modified_gmt":"2026-02-12T09:11:02","slug":"meist","status":"publish","type":"page","link":"https:\/\/makaronresto.ee\/en\/meist\/","title":{"rendered":"About us"},"content":{"rendered":"<p>[et_pb_section fb_built=&#8221;1&#8243; admin_label=&#8221;Header&#8221; _builder_version=&#8221;4.27.5&#8243; _module_preset=&#8221;default&#8221; use_background_color_gradient=&#8221;on&#8221; background_color_gradient_stops=&#8221;rgba(0,0,0,0.5) 0%|rgba(0,0,0,0.5) 100%&#8221; background_color_gradient_overlays_image=&#8221;on&#8221; background_image=&#8221;https:\/\/makaronresto.ee\/wp-content\/uploads\/2026\/02\/Ligurian-Italian-cuisine-1-1.webp&#8221; parallax=&#8221;on&#8221; custom_padding=&#8221;8%||8%||true|false&#8221; da_disable_devices=&#8221;off|off|off&#8221; locked=&#8221;off&#8221; collapsed=&#8221;on&#8221; global_colors_info=&#8221;{}&#8221; da_is_popup=&#8221;off&#8221; da_exit_intent=&#8221;off&#8221; da_has_close=&#8221;on&#8221; da_alt_close=&#8221;off&#8221; da_dark_close=&#8221;off&#8221; da_not_modal=&#8221;on&#8221; da_is_singular=&#8221;off&#8221; da_with_loader=&#8221;off&#8221; da_has_shadow=&#8221;on&#8221;][et_pb_row _builder_version=&#8221;4.24.2&#8243; _module_preset=&#8221;default&#8221; width=&#8221;90%&#8221; max_width=&#8221;900px&#8221; global_colors_info=&#8221;{}&#8221;][et_pb_column type=&#8221;4_4&#8243; _builder_version=&#8221;4.24.1&#8243; _module_preset=&#8221;default&#8221; global_colors_info=&#8221;{}&#8221;][et_pb_heading title=&#8221;MEIST&#8221; _builder_version=&#8221;4.27.5&#8243; _module_preset=&#8221;bbfae65c-bba2-41c9-964a-c67305ff82f1&#8243; title_font=&#8221;&#8211;et_global_body_font|||on|||||&#8221; title_text_align=&#8221;center&#8221; title_text_color=&#8221;#FFFFFF&#8221; global_colors_info=&#8221;{}&#8221;][\/et_pb_heading][et_pb_heading title=&#8221;Itaalia maitsed, mis on s\u00fcndinud reisidest, m\u00e4lestustest ja armastusest toidu vastu.  Makaroni on inspireeritud Itaalia aeglasest elutempost ja k\u00f6\u00f6gikultuurist, kus toit ei ole pelgalt roog, vaid kogemus. Meie k\u00f6\u00f6k \u00fchendab traditsioonilised retseptid modernse k\u00e4ekirjaga, pakkudes k\u00fclalistele ehtsat ja meeldej\u00e4\u00e4vat elamust (&#8230;.) aadressil.&#8221; _builder_version=&#8221;4.27.5&#8243; _module_preset=&#8221;1761562a-ed3f-40f6-9722-de640ef78b78&#8243; title_text_align=&#8221;center&#8221; title_text_color=&#8221;#FFFFFF&#8221; max_width=&#8221;900px&#8221; module_alignment=&#8221;center&#8221; hover_enabled=&#8221;0&#8243; locked=&#8221;off&#8221; global_colors_info=&#8221;{}&#8221; sticky_enabled=&#8221;0&#8243;][\/et_pb_heading][et_pb_video src=&#8221;https:\/\/youtu.be\/dsXR0guZJA0&#8243; image_src=&#8221;https:\/\/makaronresto.ee\/wp-content\/uploads\/2026\/02\/Ligurian-Italian-cuisine-1.webp&#8221; _builder_version=&#8221;4.27.5&#8243; _module_preset=&#8221;9d890262-f90b-4506-8ad9-27b6d6997e32&#8243; max_width=&#8221;640px&#8221; module_alignment=&#8221;center&#8221; global_colors_info=&#8221;{}&#8221;][\/et_pb_video][\/et_pb_column][\/et_pb_row][\/et_pb_section][et_pb_section fb_built=&#8221;1&#8243; _builder_version=&#8221;4.24.2&#8243; _module_preset=&#8221;default&#8221; custom_padding=&#8221;8vw||||false|false&#8221; da_disable_devices=&#8221;off|off|off&#8221; global_colors_info=&#8221;{}&#8221; da_is_popup=&#8221;off&#8221; da_exit_intent=&#8221;off&#8221; da_has_close=&#8221;on&#8221; da_alt_close=&#8221;off&#8221; da_dark_close=&#8221;off&#8221; da_not_modal=&#8221;on&#8221; da_is_singular=&#8221;off&#8221; da_with_loader=&#8221;off&#8221; da_has_shadow=&#8221;on&#8221;][et_pb_row column_structure=&#8221;1_2,1_2&#8243; _builder_version=&#8221;4.24.2&#8243; _module_preset=&#8221;default&#8221; width=&#8221;90%&#8221; max_width=&#8221;2000px&#8221; global_colors_info=&#8221;{}&#8221;][et_pb_column type=&#8221;1_2&#8243; _builder_version=&#8221;4.24.2&#8243; _module_preset=&#8221;default&#8221; global_colors_info=&#8221;{}&#8221;][et_pb_image src=&#8221;https:\/\/makaronresto.ee\/wp-content\/uploads\/2026\/02\/fine-dining-18.jpg&#8221; title_text=&#8221;fine-dining-18&#8243; _builder_version=&#8221;4.24.1&#8243; _module_preset=&#8221;default&#8221; locked=&#8221;off&#8221; global_colors_info=&#8221;{}&#8221;][\/et_pb_image][\/et_pb_column][et_pb_column type=&#8221;1_2&#8243; _builder_version=&#8221;4.24.2&#8243; _module_preset=&#8221;default&#8221; global_colors_info=&#8221;{}&#8221;][et_pb_text _builder_version=&#8221;4.27.5&#8243; _module_preset=&#8221;92fba9bc-2149-43e0-8b8a-264af191f1c0&#8243; max_width=&#8221;440px&#8221; hover_enabled=&#8221;0&#8243; locked=&#8221;off&#8221; global_colors_info=&#8221;{}&#8221; sticky_enabled=&#8221;0&#8243;]<\/p>\n<p data-start=\"228\" data-end=\"546\"><strong data-start=\"228\" data-end=\"239\">MAKARON<\/strong> on elegantne ja hubane Itaalia k\u00f6\u00f6gi restoran, kus austatakse klassikalisi maitseid, ajatut toidukultuuri ja detailideni viimistletud roogasid. Meie k\u00f6\u00f6k ammutab inspiratsiooni Itaalia rikkalikest traditsioonidest \u2013 lihtsatest, kuid t\u00e4iuslikult tasakaalus retseptidest, kus iga koostisosa m\u00e4ngib oma rolli.<\/p>\n<p data-start=\"548\" data-end=\"884\">Itaalia k\u00f6\u00f6gi s\u00fcda peitub kvaliteedis ja p\u00fchendumuses. Just seet\u00f5ttu valmistame oma pastaroogasid hoolikalt valitud toorainest, austades autentseid valmistusviise ja pakkudes maitseelamusi, mis on \u00fchtaegu elegantsed ja soojalt kodused. Meie eesm\u00e4rk on tuua lauale Itaalia k\u00f6\u00f6gi parimad omadused \u2013 v\u00e4rskus, ausus ja rafineeritud lihtsus.<\/p>\n<p data-start=\"886\" data-end=\"1130\"><strong data-start=\"886\" data-end=\"897\">MAKARON<\/strong> on loodud k\u00fclalistele, kes hindavad rahulikku atmosf\u00e4\u00e4ri, l\u00e4bim\u00f5eldud maitseid ja kvaliteetset teenindust. Olgu selleks \u00e4ril\u00f5una, romantiline \u00f5htus\u00f6\u00f6k v\u00f5i m\u00f5nus hetk s\u00f5prade seltsis \u2013 meie juures saab aega nautida ilma kiirustamata.<\/p>\n<p data-start=\"1132\" data-end=\"1337\">Asume <strong data-start=\"1138\" data-end=\"1168\">(&#8230;..), (index) Tallinn<\/strong>, P\u00f5hja-Tallinnas \u2013 piirkonnas, kus t\u00f6\u00f6stuslik ajalugu kohtub kaasaegse linnameluga.<br data-start=\"1252\" data-end=\"1255\" \/>Siin ootab teid koht, kus Itaalia k\u00f6\u00f6gikunst saab v\u00e4\u00e4rika ja kaasaegse t\u00f5lgenduse.<\/p>\n<p data-start=\"1339\" data-end=\"1399\"><strong data-start=\"1339\" data-end=\"1399\">MAKARON \u2013 Itaalia traditsioonid, maitsek\u00fcllane elegants.<\/strong><\/p>\n<p>[\/et_pb_text][et_pb_image src=&#8221;https:\/\/makaronresto.ee\/wp-content\/uploads\/2026\/02\/Steffan-12345.jpg&#8221; title_text=&#8221;Steffan 12345&#8243; _builder_version=&#8221;4.27.5&#8243; _module_preset=&#8221;default&#8221; width=&#8221;50%&#8221; module_alignment=&#8221;right&#8221; custom_margin=&#8221;30%||||false|false&#8221; scroll_fade_enable=&#8221;on&#8221; locked=&#8221;off&#8221; global_colors_info=&#8221;{}&#8221;][\/et_pb_image][et_pb_text _builder_version=&#8221;4.27.5&#8243; _module_preset=&#8221;92fba9bc-2149-43e0-8b8a-264af191f1c0&#8243; width=&#8221;50%&#8221; module_alignment=&#8221;right&#8221; locked=&#8221;off&#8221; global_colors_info=&#8221;{}&#8221;]<\/p>\n<p>\u201eMakaroni s\u00fcndis armastusest Itaalia k\u00f6\u00f6gi vastu \u2013 hetkedest, maitsetest ja tunnetest, mida kogesin reisidel Itaalias. Meie eesm\u00e4rk on tuua see ehe emotsioon igale taldrikule.\u201c<\/p>\n<p>[\/et_pb_text][et_pb_heading title=&#8221;STEFAN&#8221; _builder_version=&#8221;4.27.5&#8243; _module_preset=&#8221;2ee97a53-22b3-4da4-ae14-5f4bec65781b&#8221; width=&#8221;50%&#8221; module_alignment=&#8221;right&#8221; custom_margin=&#8221;||0px||false|false&#8221; global_colors_info=&#8221;{}&#8221;][\/et_pb_heading][et_pb_text _builder_version=&#8221;4.27.5&#8243; _module_preset=&#8221;92fba9bc-2149-43e0-8b8a-264af191f1c0&#8243; width=&#8221;50%&#8221; module_alignment=&#8221;right&#8221; locked=&#8221;off&#8221; global_colors_info=&#8221;{}&#8221;]<\/p>\n<p>Makaroni looja<\/p>\n<p>[\/et_pb_text][\/et_pb_column][\/et_pb_row][\/et_pb_section][et_pb_section fb_built=&#8221;1&#8243; admin_label=&#8221;Our Story&#8221; _builder_version=&#8221;4.24.1&#8243; _module_preset=&#8221;default&#8221; da_disable_devices=&#8221;off|off|off&#8221; locked=&#8221;off&#8221; collapsed=&#8221;on&#8221; global_colors_info=&#8221;{}&#8221; da_is_popup=&#8221;off&#8221; da_exit_intent=&#8221;off&#8221; da_has_close=&#8221;on&#8221; da_alt_close=&#8221;off&#8221; da_dark_close=&#8221;off&#8221; da_not_modal=&#8221;on&#8221; da_is_singular=&#8221;off&#8221; da_with_loader=&#8221;off&#8221; da_has_shadow=&#8221;on&#8221;][et_pb_row _builder_version=&#8221;4.24.2&#8243; _module_preset=&#8221;default&#8221; global_colors_info=&#8221;{}&#8221;][et_pb_column type=&#8221;4_4&#8243; _builder_version=&#8221;4.24.1&#8243; _module_preset=&#8221;default&#8221; global_colors_info=&#8221;{}&#8221;][et_pb_heading title=&#8221;MEIST&#8221; _builder_version=&#8221;4.27.5&#8243; _module_preset=&#8221;518baa4c-83b9-4451-bb65-92a678ab77e3&#8243; title_font=&#8221;&#8211;et_global_body_font||||||||&#8221; global_colors_info=&#8221;{}&#8221;][\/et_pb_heading][et_pb_text _builder_version=&#8221;4.27.5&#8243; _module_preset=&#8221;92fba9bc-2149-43e0-8b8a-264af191f1c0&#8243; hover_enabled=&#8221;0&#8243; global_colors_info=&#8221;{}&#8221; sticky_enabled=&#8221;0&#8243;]<\/p>\n<p data-start=\"452\" data-end=\"738\">MAKARON s\u00fcndis Itaaliast kaasa toodud ideest \u2013 mitte retseptiraamatust, vaid elamusest.<br data-start=\"539\" data-end=\"542\" \/>R\u00e4nnakutel l\u00e4bi Itaalia v\u00e4ikeste linnade ja k\u00fclade, kus toit ei ole trend, vaid eluviis, k\u00fcpses m\u00f5te luua koht, mis kannaks edasi ehtsat Itaalia k\u00f6\u00f6gi vaimu: lihtsust, ausust ja maitsete s\u00fcgavust.<\/p>\n<p data-start=\"740\" data-end=\"1051\">MAKARON on austusavaldus Itaalia kulinaarsetele traditsioonidele. Meie k\u00f6\u00f6k tugineb ajaproovile vastu pidanud retseptidele, kvaliteetsetele toorainetele ja hoolikale k\u00e4sit\u00f6\u00f6le. Iga roog on tasakaal \u2013 k\u00e4sit\u00f6\u00f6na valminud pasta, aeglaselt k\u00fcpsenud kastmed ja detailid, mis loovad terviku, mitte ei varjuta maitset.<\/p>\n<p data-start=\"1053\" data-end=\"1239\">Me usume, et t\u00f5eline luksus peitub lihtsuses. H\u00e4sti tehtud pastas. \u00d5iges tekstuuris. Maitses, mis ei vaja liigseid selgitusi. MAKARON ei p\u00fc\u00fca olla vali \u2013 meie eesm\u00e4rk on olla meeldej\u00e4\u00e4v.<\/p>\n<p data-start=\"1241\" data-end=\"1481\">Asume <strong data-start=\"1247\" data-end=\"1276\">(&#8230;.), Tallinnas<\/strong>, piirkonnas, kus t\u00f6\u00f6stuslik ajalugu kohtub uue linnakultuuriga. Just siia sobitub MAKARON \u2013 elegantne, kuid soe; kaasaegne, kuid juurtega. Koht, kus aeg v\u00f5tab hetkeks hoo maha ja toit r\u00e4\u00e4gib iseenda eest.<\/p>\n<p data-start=\"1483\" data-end=\"1671\">MAKARON on loodud neile, kes hindavad Itaalia k\u00f6\u00f6gi puhtaid maitseid, hoolikalt loodud atmosf\u00e4\u00e4ri ja hetki, mida ei kiirustata.<br data-start=\"1610\" data-end=\"1613\" \/>See on meie lugu \u2013 ja meil on hea meel seda teiega jagada.<\/p>\n<p>[\/et_pb_text][\/et_pb_column][\/et_pb_row][\/et_pb_section][et_pb_section fb_built=&#8221;1&#8243; admin_label=&#8221;Call to Action&#8221; _builder_version=&#8221;4.27.5&#8243; _module_preset=&#8221;default&#8221; use_background_color_gradient=&#8221;on&#8221; background_color_gradient_type=&#8221;circular&#8221; background_color_gradient_stops=&#8221;rgba(0,0,0,0.5) 0%|#000000 100%&#8221; background_color_gradient_overlays_image=&#8221;on&#8221; background_image=&#8221;https:\/\/makaronresto.ee\/wp-content\/uploads\/2026\/02\/240_F_255534476_n8JzjZtzOFW5g3TXTLMd6QGVnToi6hqj.jpg&#8221; parallax=&#8221;on&#8221; custom_padding=&#8221;8%||8%||true|false&#8221; da_disable_devices=&#8221;off|off|off&#8221; locked=&#8221;off&#8221; collapsed=&#8221;on&#8221; global_colors_info=&#8221;{}&#8221; da_is_popup=&#8221;off&#8221; da_exit_intent=&#8221;off&#8221; da_has_close=&#8221;on&#8221; da_alt_close=&#8221;off&#8221; da_dark_close=&#8221;off&#8221; da_not_modal=&#8221;on&#8221; da_is_singular=&#8221;off&#8221; da_with_loader=&#8221;off&#8221; da_has_shadow=&#8221;on&#8221;][et_pb_row _builder_version=&#8221;4.24.1&#8243; _module_preset=&#8221;default&#8221; max_width=&#8221;800px&#8221; global_colors_info=&#8221;{}&#8221;][et_pb_column type=&#8221;4_4&#8243; _builder_version=&#8221;4.24.1&#8243; _module_preset=&#8221;default&#8221; global_colors_info=&#8221;{}&#8221;][et_pb_heading title=&#8221;Itaalia maitsed, mis r\u00e4\u00e4givad oma lugu&#8221; _builder_version=&#8221;4.27.5&#8243; _module_preset=&#8221;518baa4c-83b9-4451-bb65-92a678ab77e3&#8243; title_font=&#8221;&#8211;et_global_body_font||||||||&#8221; title_text_align=&#8221;center&#8221; title_text_color=&#8221;#FFFFFF&#8221; global_colors_info=&#8221;{}&#8221;][\/et_pb_heading][et_pb_button button_url=&#8221;https:\/\/makaronresto.ee\/menu\/&#8221; button_text=&#8221;UURI VEEL&#8221; button_alignment=&#8221;center&#8221; _builder_version=&#8221;4.27.5&#8243; _module_preset=&#8221;8ae337a6-ccac-4dc1-b81d-6092e7defc1e&#8221; global_colors_info=&#8221;{}&#8221;][\/et_pb_button][\/et_pb_column][\/et_pb_row][\/et_pb_section]<\/p>\n","protected":false},"excerpt":{"rendered":"<p>MAKARON on elegantne ja hubane Itaalia k\u00f6\u00f6gi restoran, kus austatakse klassikalisi maitseid, ajatut toidukultuuri ja detailideni viimistletud roogasid. Meie k\u00f6\u00f6k ammutab inspiratsiooni Itaalia rikkalikest traditsioonidest \u2013 lihtsatest, kuid t\u00e4iuslikult tasakaalus retseptidest, kus iga koostisosa m\u00e4ngib oma rolli. Itaalia k\u00f6\u00f6gi s\u00fcda peitub kvaliteedis ja p\u00fchendumuses. Just seet\u00f5ttu valmistame oma pastaroogasid hoolikalt valitud toorainest, austades autentseid valmistusviise [&hellip;]<\/p>\n","protected":false},"author":1,"featured_media":0,"parent":0,"menu_order":0,"comment_status":"closed","ping_status":"closed","template":"","meta":{"_et_pb_use_builder":"on","_et_pb_old_content":"","_et_gb_content_width":"","footnotes":""},"class_list":["post-18","page","type-page","status-publish","hentry"],"_links":{"self":[{"href":"https:\/\/makaronresto.ee\/en\/wp-json\/wp\/v2\/pages\/18","targetHints":{"allow":["GET"]}}],"collection":[{"href":"https:\/\/makaronresto.ee\/en\/wp-json\/wp\/v2\/pages"}],"about":[{"href":"https:\/\/makaronresto.ee\/en\/wp-json\/wp\/v2\/types\/page"}],"author":[{"embeddable":true,"href":"https:\/\/makaronresto.ee\/en\/wp-json\/wp\/v2\/users\/1"}],"replies":[{"embeddable":true,"href":"https:\/\/makaronresto.ee\/en\/wp-json\/wp\/v2\/comments?post=18"}],"version-history":[{"count":12,"href":"https:\/\/makaronresto.ee\/en\/wp-json\/wp\/v2\/pages\/18\/revisions"}],"predecessor-version":[{"id":461,"href":"https:\/\/makaronresto.ee\/en\/wp-json\/wp\/v2\/pages\/18\/revisions\/461"}],"wp:attachment":[{"href":"https:\/\/makaronresto.ee\/en\/wp-json\/wp\/v2\/media?parent=18"}],"curies":[{"name":"wp","href":"https:\/\/api.w.org\/{rel}","templated":true}]}}