{"id":22,"date":"2026-02-03T08:12:37","date_gmt":"2026-02-03T08:12:37","guid":{"rendered":"https:\/\/makaronresto.ee\/?page_id=22"},"modified":"2026-02-12T11:06:39","modified_gmt":"2026-02-12T09:06:39","slug":"avaleht","status":"publish","type":"page","link":"https:\/\/makaronresto.ee\/en\/","title":{"rendered":"Home"},"content":{"rendered":"<p>[et_pb_section fb_built=&#8221;1&#8243; admin_label=&#8221;Header&#8221; _builder_version=&#8221;4.27.5&#8243; _module_preset=&#8221;default&#8221; use_background_color_gradient=&#8221;on&#8221; background_color_gradient_stops=&#8221;rgba(0,0,0,0.5) 0%|rgba(0,0,0,0.5) 100%&#8221; background_color_gradient_overlays_image=&#8221;on&#8221; background_image=&#8221;https:\/\/makaronresto.ee\/wp-content\/uploads\/2026\/02\/What-to-eat-in-Italy-1.webp&#8221; parallax=&#8221;on&#8221; custom_padding=&#8221;0vw||||false|false&#8221; da_disable_devices=&#8221;off|off|off&#8221; collapsed=&#8221;on&#8221; global_colors_info=&#8221;{}&#8221; da_is_popup=&#8221;off&#8221; da_exit_intent=&#8221;off&#8221; da_has_close=&#8221;on&#8221; da_alt_close=&#8221;off&#8221; da_dark_close=&#8221;off&#8221; da_not_modal=&#8221;on&#8221; da_is_singular=&#8221;off&#8221; da_with_loader=&#8221;off&#8221; da_has_shadow=&#8221;on&#8221;][et_pb_row _builder_version=&#8221;4.27.5&#8243; _module_preset=&#8221;default&#8221; width=&#8221;90%&#8221; max_width=&#8221;none&#8221; custom_padding=&#8221;100px|||||&#8221; global_colors_info=&#8221;{}&#8221;][et_pb_column type=&#8221;4_4&#8243; _builder_version=&#8221;4.24.1&#8243; _module_preset=&#8221;default&#8221; global_colors_info=&#8221;{}&#8221;][et_pb_heading _builder_version=&#8221;4.27.5&#8243; _module_preset=&#8221;bbfae65c-bba2-41c9-964a-c67305ff82f1&#8243; title_text_align=&#8221;center&#8221; title_text_color=&#8221;#FFFFFF&#8221; title_font_size=&#8221;8vw&#8221; title_line_height=&#8221;1.2em&#8221; custom_margin=&#8221;||10px||false|false&#8221; title_font_size_tablet=&#8221;8vw&#8221; title_font_size_phone=&#8221;8vw&#8221; title_font_size_last_edited=&#8221;off|desktop&#8221; locked=&#8221;off&#8221; global_colors_info=&#8221;{}&#8221;][\/et_pb_heading][et_pb_heading title=&#8221;MAKARON \u2013 ITAALIA MAITSED JA K\u00c4SIT\u00d6\u00d6PASTA TALLINNA S\u00dcDAMES&#8221; _builder_version=&#8221;4.27.5&#8243; _module_preset=&#8221;1761562a-ed3f-40f6-9722-de640ef78b78&#8243; title_level=&#8221;h1&#8243; title_text_align=&#8221;center&#8221; title_text_color=&#8221;#FFFFFF&#8221; title_font_size=&#8221;49px&#8221; max_width=&#8221;900px&#8221; module_alignment=&#8221;center&#8221; animation_style=&#8221;slide&#8221; title_font_size_tablet=&#8221;32px&#8221; title_font_size_phone=&#8221;22px&#8221; title_font_size_last_edited=&#8221;on|desktop&#8221; global_colors_info=&#8221;{}&#8221;][\/et_pb_heading][et_pb_text _builder_version=&#8221;4.27.5&#8243; _module_preset=&#8221;default&#8221; text_text_color=&#8221;#FFFFFF&#8221; header_2_text_align=&#8221;center&#8221; header_2_text_color=&#8221;#FFFFFF&#8221; hover_enabled=&#8221;0&#8243; global_colors_info=&#8221;{}&#8221; sticky_enabled=&#8221;0&#8243;]<\/p>\n<p style=\"text-align: center;\"><strong data-start=\"703\" data-end=\"720\">Makaron Resto<\/strong> on Itaalia restoran Tallinnas.<br data-start=\"751\" data-end=\"754\" \/>Pakume v\u00e4rsket k\u00e4sit\u00f6\u00f6pastat, hooajalisi roogasid ja ehtsaid Itaalia maitseid. Ootame sind (&#8230;.)!<\/p>\n<p>[\/et_pb_text][et_pb_button button_url=&#8221;https:\/\/makaronresto.ee\/menuu\/&#8221; button_text=&#8221;TUTVU MEN\u00dc\u00dcGA&#8221; button_alignment=&#8221;center&#8221; _builder_version=&#8221;4.27.5&#8243; _module_preset=&#8221;db543f4f-4e72-40b5-a391-67a50a56ef9f&#8221; global_colors_info=&#8221;{}&#8221;][\/et_pb_button][\/et_pb_column][\/et_pb_row][et_pb_row _builder_version=&#8221;4.27.5&#8243; _module_preset=&#8221;default&#8221; global_colors_info=&#8221;{}&#8221;][et_pb_column type=&#8221;4_4&#8243; _builder_version=&#8221;4.27.5&#8243; _module_preset=&#8221;default&#8221; global_colors_info=&#8221;{}&#8221;][et_pb_heading title=&#8221;                  Tallinnasse s\u00fcnnib uus Itaalia k\u00f6\u00f6k&#8221; _builder_version=&#8221;4.27.5&#8243; _module_preset=&#8221;default&#8221; title_font=&#8221;&#8211;et_global_body_font||||||||&#8221; title_text_align=&#8221;center&#8221; title_text_color=&#8221;#FFFFFF&#8221; title_font_size=&#8221;36px&#8221; title_letter_spacing=&#8221;3px&#8221; background_color=&#8221;RGBA(255,255,255,0)&#8221; custom_margin=&#8221;||3px|||&#8221; global_colors_info=&#8221;{}&#8221;][\/et_pb_heading][et_pb_heading title=&#8221;PEAGI AVAME UKSED&#8221; _builder_version=&#8221;4.27.5&#8243; _module_preset=&#8221;default&#8221; title_font=&#8221;&#8211;et_global_body_font||||||||&#8221; title_text_align=&#8221;center&#8221; title_text_color=&#8221;#FFFFFF&#8221; title_font_size=&#8221;36px&#8221; title_letter_spacing=&#8221;3px&#8221; background_color=&#8221;RGBA(255,255,255,0)&#8221; custom_margin=&#8221;||0px|||&#8221; global_colors_info=&#8221;{}&#8221;][\/et_pb_heading][et_pb_heading title=&#8221;&#8230;&#8221; _builder_version=&#8221;4.27.5&#8243; _module_preset=&#8221;default&#8221; title_font=&#8221;&#8211;et_global_body_font||||||||&#8221; title_text_align=&#8221;center&#8221; title_text_color=&#8221;#FFFFFF&#8221; title_font_size=&#8221;36px&#8221; title_letter_spacing=&#8221;3px&#8221; background_color=&#8221;RGBA(255,255,255,0)&#8221; global_colors_info=&#8221;{}&#8221;][\/et_pb_heading][\/et_pb_column][\/et_pb_row][\/et_pb_section][et_pb_section fb_built=&#8221;1&#8243; admin_label=&#8221;About&#8221; _builder_version=&#8221;4.24.2&#8243; _module_preset=&#8221;default&#8221; custom_padding=&#8221;8vw||8vw||true|false&#8221; da_disable_devices=&#8221;off|off|off&#8221; collapsed=&#8221;on&#8221; global_colors_info=&#8221;{}&#8221; da_is_popup=&#8221;off&#8221; da_exit_intent=&#8221;off&#8221; da_has_close=&#8221;on&#8221; da_alt_close=&#8221;off&#8221; da_dark_close=&#8221;off&#8221; da_not_modal=&#8221;on&#8221; da_is_singular=&#8221;off&#8221; da_with_loader=&#8221;off&#8221; da_has_shadow=&#8221;on&#8221;][et_pb_row column_structure=&#8221;1_2,1_2&#8243; _builder_version=&#8221;4.27.5&#8243; _module_preset=&#8221;default&#8221; global_colors_info=&#8221;{}&#8221;][et_pb_column type=&#8221;1_2&#8243; _builder_version=&#8221;4.24.1&#8243; _module_preset=&#8221;default&#8221; global_colors_info=&#8221;{}&#8221;][et_pb_heading title=&#8221;K\u00c4SIT\u00d6\u00d6PASTAD JA ITAALIA MAITSED TALLINNA S\u00dcDAMES.&#8221; _builder_version=&#8221;4.27.5&#8243; _module_preset=&#8221;f70afedb-ba94-44ee-8e03-4419f1818cf5&#8243; title_font=&#8221;&#8211;et_global_body_font||||||||&#8221; title_text_color=&#8221;#000000&#8243; title_font_size=&#8221;34px&#8221; global_colors_info=&#8221;{}&#8221;][\/et_pb_heading][et_pb_text _builder_version=&#8221;4.27.5&#8243; _module_preset=&#8221;default&#8221; text_text_color=&#8221;#000000&#8243; header_text_color=&#8221;#000000&#8243; text_font_size_tablet=&#8221;&#8221; text_font_size_phone=&#8221;&#8221; text_font_size_last_edited=&#8221;on|tablet&#8221; global_colors_info=&#8221;{}&#8221;]<\/p>\n<p>Makaron on Itaalia restoran Tallinnas, kus pakume v\u00e4rskelt valmistatud k\u00e4sit\u00f6\u00f6pastasid, hooajalisi roogasid ja ehtsaid Itaalia maitseid nii l\u00f5una- kui \u00f5htus\u00f6\u00f6giks.<\/p>\n<p>[\/et_pb_text][\/et_pb_column][et_pb_column type=&#8221;1_2&#8243; _builder_version=&#8221;4.27.5&#8243; _module_preset=&#8221;default&#8221; global_colors_info=&#8221;{}&#8221;][et_pb_heading title=&#8221;V\u00e4rsked makaronid, kastmed ja ehtsad Itaalia retseptid.&#8221; _builder_version=&#8221;4.27.5&#8243; _module_preset=&#8221;default&#8221; title_level=&#8221;h4&#8243; title_font=&#8221;&#8211;et_global_body_font||||||||&#8221; title_text_color=&#8221;#000000&#8243; title_font_size=&#8221;34px&#8221; width=&#8221;100%&#8221; max_width=&#8221;100%&#8221; title_font_size_tablet=&#8221;22px&#8221; title_font_size_phone=&#8221;18px&#8221; title_font_size_last_edited=&#8221;on|phone&#8221; global_colors_info=&#8221;{}&#8221;][\/et_pb_heading][et_pb_text _builder_version=&#8221;4.27.5&#8243; _module_preset=&#8221;default&#8221; text_text_color=&#8221;#000000&#8243; global_colors_info=&#8221;{}&#8221;]<\/p>\n<p>Pakume k\u00e4sit\u00f6\u00f6pastasid ja Itaalia roogasid, mis valmivad v\u00e4rsketest koostisosadest ning austavad traditsioonilisi retsepte. Aeglaselt valmistatud kastmed.<\/p>\n<p>[\/et_pb_text][et_pb_text _builder_version=&#8221;4.27.5&#8243; _module_preset=&#8221;default&#8221; global_colors_info=&#8221;{}&#8221;][\/et_pb_text][\/et_pb_column][\/et_pb_row][et_pb_row _builder_version=&#8221;4.27.5&#8243; _module_preset=&#8221;default&#8221; global_colors_info=&#8221;{}&#8221;][et_pb_column type=&#8221;4_4&#8243; _builder_version=&#8221;4.27.5&#8243; _module_preset=&#8221;default&#8221; global_colors_info=&#8221;{}&#8221;][et_pb_image src=&#8221;https:\/\/makaronresto.ee\/wp-content\/uploads\/2026\/02\/WhattoeatinCampaniaItaly-CapreseSalad.webp&#8221; title_text=&#8221;What+to+eat+in+Campania,+Italy-Caprese+Salad&#8221; _builder_version=&#8221;4.27.5&#8243; _module_preset=&#8221;default&#8221; width=&#8221;100%&#8221; max_width=&#8221;100%&#8221; module_alignment=&#8221;center&#8221; custom_padding=&#8221;0px|||||&#8221; global_colors_info=&#8221;{}&#8221;][\/et_pb_image][\/et_pb_column][\/et_pb_row][\/et_pb_section][et_pb_section fb_built=&#8221;1&#8243; admin_label=&#8221;Menu&#8221; _builder_version=&#8221;4.27.5&#8243; _module_preset=&#8221;default&#8221; background_color=&#8221;#20321e&#8221; custom_padding=&#8221;||1px||false|false&#8221; da_disable_devices=&#8221;off|off|off&#8221; collapsed=&#8221;on&#8221; global_colors_info=&#8221;{}&#8221; da_is_popup=&#8221;off&#8221; da_exit_intent=&#8221;off&#8221; da_has_close=&#8221;on&#8221; da_alt_close=&#8221;off&#8221; da_dark_close=&#8221;off&#8221; da_not_modal=&#8221;on&#8221; da_is_singular=&#8221;off&#8221; da_with_loader=&#8221;off&#8221; da_has_shadow=&#8221;on&#8221;][et_pb_row column_structure=&#8221;1_2,1_2&#8243; _builder_version=&#8221;4.27.5&#8243; _module_preset=&#8221;default&#8221; width=&#8221;90%&#8221; max_width=&#8221;2000px&#8221; min_height=&#8221;855.9px&#8221; custom_margin=&#8221;|auto|-3px|auto||&#8221; custom_padding=&#8221;||5px|||&#8221; locked=&#8221;off&#8221; global_colors_info=&#8221;{}&#8221;][et_pb_column type=&#8221;1_2&#8243; saved_specialty_column_type=&#8221;1_2&#8243; _builder_version=&#8221;4.27.5&#8243; _module_preset=&#8221;default&#8221; global_colors_info=&#8221;{}&#8221;][et_pb_text _builder_version=&#8221;4.27.5&#8243; _module_preset=&#8221;d63c32f5-84a5-4cc7-b5c6-ce6ac24daf53&#8243; header_font=&#8221;&#8211;et_global_body_font|||on|||||&#8221; custom_margin=&#8221;||10px||false|false&#8221; link_option_url=&#8221;https:\/\/makaronresto.ee\/menu\/&#8221; global_colors_info=&#8221;{}&#8221;]<\/p>\n<h3><a href=\"#\">Men\u00fc\u00fc<\/a><\/h3>\n<p>[\/et_pb_text][et_pb_text _builder_version=&#8221;4.27.5&#8243; _module_preset=&#8221;d63c32f5-84a5-4cc7-b5c6-ce6ac24daf53&#8243; global_colors_info=&#8221;{}&#8221;]<\/p>\n<p>Tutvu meie l\u00f5una- ja \u00f5htus\u00f6\u00f6gimen\u00fc\u00fcga.<br data-start=\"398\" data-end=\"401\" \/>Iga roog valmib v\u00e4rskest pastast, hooajalistest koostisosadest ja Itaalia retseptide j\u00e4rgi.<\/p>\n<p>[\/et_pb_text][et_pb_button button_url=&#8221;https:\/\/makaronresto.ee\/menuu\/&#8221; button_text=&#8221;\ud83d\udc49 VAATA MEN\u00dc\u00dcD&#8221; _builder_version=&#8221;4.27.5&#8243; _module_preset=&#8221;default&#8221; button_text_size=&#8221;16px&#8221; button_bg_color=&#8221;#20321e&#8221; button_letter_spacing=&#8221;0em&#8221; custom_padding=&#8221;27px|30px|27px|30px|true|true&#8221; global_colors_info=&#8221;{}&#8221;][\/et_pb_button][et_pb_image src=&#8221;https:\/\/makaronresto.ee\/wp-content\/uploads\/2026\/02\/umk8i7ko_pasta_625x300_01_April_21.jpg&#8221; title_text=&#8221;umk8i7ko_pasta_625x300_01_April_21&#8243; _builder_version=&#8221;4.27.5&#8243; _module_preset=&#8221;default&#8221; global_colors_info=&#8221;{}&#8221;][\/et_pb_image][\/et_pb_column][et_pb_column type=&#8221;1_2&#8243; saved_specialty_column_type=&#8221;1_2&#8243; _builder_version=&#8221;4.24.1&#8243; _module_preset=&#8221;default&#8221; global_colors_info=&#8221;{}&#8221;][et_pb_image src=&#8221;https:\/\/makaronresto.ee\/wp-content\/uploads\/2026\/02\/traditional-Italian-cuisine-Brasato-Barolo.webp&#8221; title_text=&#8221;traditional-Italian-cuisine-Brasato-Barolo&#8221; align=&#8221;right&#8221; _builder_version=&#8221;4.27.5&#8243; _module_preset=&#8221;default&#8221; max_width=&#8221;400px&#8221; locked=&#8221;off&#8221; global_colors_info=&#8221;{}&#8221;][\/et_pb_image][et_pb_text _builder_version=&#8221;4.27.5&#8243; _module_preset=&#8221;d63c32f5-84a5-4cc7-b5c6-ce6ac24daf53&#8243; header_font=&#8221;&#8211;et_global_body_font|||on|||||&#8221; text_orientation=&#8221;right&#8221; custom_margin=&#8221;||10px||false|false&#8221; link_option_url=&#8221;https:\/\/makaronresto.ee\/reservations\/&#8221; locked=&#8221;off&#8221; global_colors_info=&#8221;{}&#8221;]<\/p>\n<h3><a href=\"#\">Tule nautima<\/a><\/h3>\n<p>[\/et_pb_text][et_pb_text _builder_version=&#8221;4.27.5&#8243; _module_preset=&#8221;d63c32f5-84a5-4cc7-b5c6-ce6ac24daf53&#8243; text_orientation=&#8221;right&#8221; locked=&#8221;off&#8221; global_colors_info=&#8221;{}&#8221;]<\/p>\n<p>Ootame sind l\u00f5unale v\u00f5i \u00f5htus\u00f6\u00f6gile.<br data-start=\"1059\" data-end=\"1062\" \/>Makaron on ideaalne koht nii argip\u00e4evaseks l\u00f5unaks<br \/>kui ka m\u00f5nusaks \u00f5htuks s\u00f5prade v\u00f5i perega.<\/p>\n<p>Broneeri laud ja veeda m\u00f5nus \u00f5htu Itaalia maitsete seltsis.<\/p>\n<p>[\/et_pb_text][et_pb_button button_url=&#8221;https:\/\/makaronresto.ee\/broneeri-laud\/&#8221; button_text=&#8221;\ud83d\udc49 BRONEERI LAUD&#8221; button_alignment=&#8221;center&#8221; _builder_version=&#8221;4.27.5&#8243; _module_preset=&#8221;default&#8221; button_text_size=&#8221;16px&#8221; button_bg_color=&#8221;#20321e&#8221; button_letter_spacing=&#8221;0em&#8221; custom_margin=&#8221;||26px|||&#8221; custom_padding=&#8221;20px|0px|20px|0px|true|true&#8221;][\/et_pb_button][\/et_pb_column][\/et_pb_row][\/et_pb_section][et_pb_section fb_built=&#8221;1&#8243; make_equal=&#8221;on&#8221; specialty=&#8221;on&#8221; parallax_2=&#8221;on&#8221; bg_img_2=&#8221;https:\/\/makaronresto.ee\/wp-content\/uploads\/2026\/02\/fine-dining-04.jpg&#8221; padding_top_1=&#8221;60px&#8221; padding_bottom_1=&#8221;60px&#8221; padding_top_bottom_link_1=&#8221;true&#8221; padding_left_right_link_1=&#8221;false&#8221; padding_1_tablet=&#8221;0px||0px||true|false&#8221; padding_1_phone=&#8221;0px||0px||true|false&#8221; padding_1_last_edited=&#8221;on|desktop&#8221; admin_label=&#8221;Features&#8221; _builder_version=&#8221;4.24.2&#8243; _module_preset=&#8221;default&#8221; inner_width=&#8221;90%&#8221; inner_max_width=&#8221;2000px&#8221; da_disable_devices=&#8221;off|off|off&#8221; collapsed=&#8221;on&#8221; global_colors_info=&#8221;{}&#8221; da_is_popup=&#8221;off&#8221; da_exit_intent=&#8221;off&#8221; da_has_close=&#8221;on&#8221; da_alt_close=&#8221;off&#8221; da_dark_close=&#8221;off&#8221; da_not_modal=&#8221;on&#8221; da_is_singular=&#8221;off&#8221; da_with_loader=&#8221;off&#8221; da_has_shadow=&#8221;on&#8221;][et_pb_column type=&#8221;1_2&#8243; specialty_columns=&#8221;2&#8243; _builder_version=&#8221;4.16&#8243; _module_preset=&#8221;default&#8221; custom_padding=&#8221;|||&#8221; global_colors_info=&#8221;{}&#8221; custom_padding__hover=&#8221;|||&#8221;][et_pb_row_inner _builder_version=&#8221;4.24.1&#8243; _module_preset=&#8221;default&#8221; global_colors_info=&#8221;{}&#8221;][et_pb_column_inner saved_specialty_column_type=&#8221;1_2&#8243; _builder_version=&#8221;4.24.1&#8243; _module_preset=&#8221;default&#8221; global_colors_info=&#8221;{}&#8221;][et_pb_heading title=&#8221;KOLM VIISI, KUIDAS MAKARONIS  ITAALIA K\u00d6\u00d6KI NAUTIDA&#8221; _builder_version=&#8221;4.27.5&#8243; _module_preset=&#8221;518baa4c-83b9-4451-bb65-92a678ab77e3&#8243; title_level=&#8221;h3&#8243; title_font=&#8221;&#8211;et_global_body_font||||||||&#8221; title_font_size=&#8221;44px&#8221; max_width=&#8221;510px&#8221; global_colors_info=&#8221;{}&#8221;][\/et_pb_heading][et_pb_heading title=&#8221;L\u00d5UNA RESTORANIS&#8221; _builder_version=&#8221;4.27.5&#8243; _module_preset=&#8221;2ee97a53-22b3-4da4-ae14-5f4bec65781b&#8221; max_width=&#8221;510px&#8221; custom_margin=&#8221;||0px||false|false&#8221; global_colors_info=&#8221;{}&#8221;][\/et_pb_heading][et_pb_text _builder_version=&#8221;4.27.5&#8243; _module_preset=&#8221;92fba9bc-2149-43e0-8b8a-264af191f1c0&#8243; max_width=&#8221;510px&#8221; global_colors_info=&#8221;{}&#8221;]<\/p>\n<p>Tule naudi v\u00e4rskelt valmistatud k\u00e4sit\u00f6\u00f6pastasid ja Itaalia roogasid meie hubases restoranis Tallinna s\u00fcdames. Ideaalne koht l\u00f5unapausiks v\u00f5i \u00e4ril\u00f5unaks.<\/p>\n<p>[\/et_pb_text][et_pb_heading title=&#8221;KAASAOST \/ TAKEAWAY&#8221; _builder_version=&#8221;4.27.5&#8243; _module_preset=&#8221;2ee97a53-22b3-4da4-ae14-5f4bec65781b&#8221; max_width=&#8221;510px&#8221; custom_margin=&#8221;||0px||false|false&#8221; global_colors_info=&#8221;{}&#8221;][\/et_pb_heading][et_pb_text _builder_version=&#8221;4.27.5&#8243; _module_preset=&#8221;92fba9bc-2149-43e0-8b8a-264af191f1c0&#8243; max_width=&#8221;510px&#8221; global_colors_info=&#8221;{}&#8221;]<\/p>\n<p>Kui aega napib, telli oma lemmikpasta kaasa. Valmistame road v\u00e4rskelt ning pakime need mugavalt kaasa, et Itaalia maitsed j\u00f5uaksid sinuni k\u00f5ikjal.<\/p>\n<p>[\/et_pb_text][et_pb_heading title=&#8221;\u00d5HTUS\u00d6\u00d6K &#038; ERIMEN\u00dc\u00dc&#8221; _builder_version=&#8221;4.27.5&#8243; _module_preset=&#8221;2ee97a53-22b3-4da4-ae14-5f4bec65781b&#8221; max_width=&#8221;510px&#8221; custom_margin=&#8221;||0px||false|false&#8221; global_colors_info=&#8221;{}&#8221;][\/et_pb_heading][et_pb_text _builder_version=&#8221;4.27.5&#8243; _module_preset=&#8221;92fba9bc-2149-43e0-8b8a-264af191f1c0&#8243; max_width=&#8221;510px&#8221; global_colors_info=&#8221;{}&#8221;]<\/p>\n<p>\u00d5htus\u00f6\u00f6giks pakume hoolikalt koostatud men\u00fc\u00fcd, kus kohtuvad klassikalised Itaalia retseptid ja hooajalised koostisosad. Sobib nii romantiliseks \u00f5htuks kui ka s\u00f5pradega nautimiseks.<\/p>\n<p>[\/et_pb_text][\/et_pb_column_inner][\/et_pb_row_inner][et_pb_row_inner column_structure=&#8221;1_2,1_2&#8243; _builder_version=&#8221;4.24.2&#8243; _module_preset=&#8221;default&#8221; global_colors_info=&#8221;{}&#8221;][et_pb_column_inner type=&#8221;1_2&#8243; saved_specialty_column_type=&#8221;1_2&#8243; _builder_version=&#8221;4.24.1&#8243; _module_preset=&#8221;default&#8221; global_colors_info=&#8221;{}&#8221;][et_pb_button button_url=&#8221;https:\/\/makaronresto.ee\/kontakt\/&#8221; button_text=&#8221;TELLI TOIT KAASA&#8221; _builder_version=&#8221;4.27.5&#8243; _module_preset=&#8221;f2fd305f-1705-4a6f-b907-6719f91f8faf&#8221; global_colors_info=&#8221;{}&#8221;][\/et_pb_button][\/et_pb_column_inner][et_pb_column_inner type=&#8221;1_2&#8243; saved_specialty_column_type=&#8221;1_2&#8243; _builder_version=&#8221;4.24.1&#8243; _module_preset=&#8221;default&#8221; global_colors_info=&#8221;{}&#8221;][et_pb_button button_url=&#8221;https:\/\/makaronresto.ee\/broneeri-laud\/&#8221; button_text=&#8221;BRONEERI LAUD&#8221; _builder_version=&#8221;4.27.5&#8243; _module_preset=&#8221;f2fd305f-1705-4a6f-b907-6719f91f8faf&#8221; locked=&#8221;off&#8221; global_colors_info=&#8221;{}&#8221;][\/et_pb_button][\/et_pb_column_inner][\/et_pb_row_inner][\/et_pb_column][et_pb_column type=&#8221;1_2&#8243; _builder_version=&#8221;4.16&#8243; _module_preset=&#8221;default&#8221; custom_padding=&#8221;|||&#8221; global_colors_info=&#8221;{}&#8221; custom_padding__hover=&#8221;|||&#8221;][et_pb_divider show_divider=&#8221;off&#8221; _builder_version=&#8221;4.24.1&#8243; _module_preset=&#8221;default&#8221; height_tablet=&#8221;50vw&#8221; height_phone=&#8221;50vw&#8221; height_last_edited=&#8221;on|desktop&#8221; global_colors_info=&#8221;{}&#8221;][\/et_pb_divider][\/et_pb_column][\/et_pb_section][et_pb_section fb_built=&#8221;1&#8243; admin_label=&#8221;Call to Action&#8221; _builder_version=&#8221;4.27.5&#8243; _module_preset=&#8221;default&#8221; use_background_color_gradient=&#8221;on&#8221; background_color_gradient_type=&#8221;circular&#8221; background_color_gradient_stops=&#8221;rgba(0,0,0,0.5) 0%|#000000 100%&#8221; background_color_gradient_overlays_image=&#8221;on&#8221; background_image=&#8221;https:\/\/makaronresto.ee\/wp-content\/uploads\/2026\/02\/240_F_227354304_mLMmFNJKH7enSTOX38AVNPceqKziu9QW.jpg&#8221; parallax=&#8221;on&#8221; custom_padding=&#8221;8%||8%||true|false&#8221; da_disable_devices=&#8221;off|off|off&#8221; collapsed=&#8221;on&#8221; global_colors_info=&#8221;{}&#8221; da_is_popup=&#8221;off&#8221; da_exit_intent=&#8221;off&#8221; da_has_close=&#8221;on&#8221; da_alt_close=&#8221;off&#8221; da_dark_close=&#8221;off&#8221; da_not_modal=&#8221;on&#8221; da_is_singular=&#8221;off&#8221; da_with_loader=&#8221;off&#8221; da_has_shadow=&#8221;on&#8221;][et_pb_row _builder_version=&#8221;4.24.1&#8243; _module_preset=&#8221;default&#8221; max_width=&#8221;800px&#8221; global_colors_info=&#8221;{}&#8221;][et_pb_column type=&#8221;4_4&#8243; _builder_version=&#8221;4.24.1&#8243; _module_preset=&#8221;default&#8221; global_colors_info=&#8221;{}&#8221;][et_pb_heading title=&#8221;K\u00c4SIT\u00d6\u00d6PASTA. AUS TOIT. ITAALIA MAITSED.&#8221; _builder_version=&#8221;4.27.5&#8243; _module_preset=&#8221;518baa4c-83b9-4451-bb65-92a678ab77e3&#8243; title_font=&#8221;&#8211;et_global_body_font||||||||&#8221; title_text_align=&#8221;center&#8221; title_text_color=&#8221;#FFFFFF&#8221; global_colors_info=&#8221;{}&#8221;][\/et_pb_heading][et_pb_button button_url=&#8221;https:\/\/makaronresto.ee\/menuu\/&#8221; button_text=&#8221;TUTVU MEN\u00dc\u00dcGA&#8221; button_alignment=&#8221;center&#8221; _builder_version=&#8221;4.27.5&#8243; _module_preset=&#8221;8ae337a6-ccac-4dc1-b81d-6092e7defc1e&#8221; global_colors_info=&#8221;{}&#8221;][\/et_pb_button][\/et_pb_column][\/et_pb_row][\/et_pb_section]<\/p>\n","protected":false},"excerpt":{"rendered":"<p>Makaron Resto on Itaalia restoran Tallinnas.Pakume v\u00e4rsket k\u00e4sit\u00f6\u00f6pastat, hooajalisi roogasid ja ehtsaid Itaalia maitseid. Ootame sind (&#8230;.)!Makaron on Itaalia restoran Tallinnas, kus pakume v\u00e4rskelt valmistatud k\u00e4sit\u00f6\u00f6pastasid, hooajalisi roogasid ja ehtsaid Itaalia maitseid nii l\u00f5una- kui \u00f5htus\u00f6\u00f6giks.Pakume k\u00e4sit\u00f6\u00f6pastasid ja Itaalia roogasid, mis valmivad v\u00e4rsketest koostisosadest ning austavad traditsioonilisi retsepte. Aeglaselt valmistatud kastmed.Men\u00fc\u00fcTutvu meie l\u00f5una- ja \u00f5htus\u00f6\u00f6gimen\u00fc\u00fcga.Iga [&hellip;]<\/p>\n","protected":false},"author":1,"featured_media":0,"parent":0,"menu_order":0,"comment_status":"closed","ping_status":"closed","template":"","meta":{"_et_pb_use_builder":"on","_et_pb_old_content":"","_et_gb_content_width":"","footnotes":""},"class_list":["post-22","page","type-page","status-publish","hentry"],"_links":{"self":[{"href":"https:\/\/makaronresto.ee\/en\/wp-json\/wp\/v2\/pages\/22","targetHints":{"allow":["GET"]}}],"collection":[{"href":"https:\/\/makaronresto.ee\/en\/wp-json\/wp\/v2\/pages"}],"about":[{"href":"https:\/\/makaronresto.ee\/en\/wp-json\/wp\/v2\/types\/page"}],"author":[{"embeddable":true,"href":"https:\/\/makaronresto.ee\/en\/wp-json\/wp\/v2\/users\/1"}],"replies":[{"embeddable":true,"href":"https:\/\/makaronresto.ee\/en\/wp-json\/wp\/v2\/comments?post=22"}],"version-history":[{"count":90,"href":"https:\/\/makaronresto.ee\/en\/wp-json\/wp\/v2\/pages\/22\/revisions"}],"predecessor-version":[{"id":459,"href":"https:\/\/makaronresto.ee\/en\/wp-json\/wp\/v2\/pages\/22\/revisions\/459"}],"wp:attachment":[{"href":"https:\/\/makaronresto.ee\/en\/wp-json\/wp\/v2\/media?parent=22"}],"curies":[{"name":"wp","href":"https:\/\/api.w.org\/{rel}","templated":true}]}}