{"id":26,"date":"2026-02-03T08:12:37","date_gmt":"2026-02-03T08:12:37","guid":{"rendered":"https:\/\/makaronresto.ee\/?page_id=26"},"modified":"2026-02-12T11:08:54","modified_gmt":"2026-02-12T09:08:54","slug":"broneeri-laud","status":"publish","type":"page","link":"https:\/\/makaronresto.ee\/en\/broneeri-laud\/","title":{"rendered":"Reserve a table"},"content":{"rendered":"<p>[et_pb_section fb_built=&#8221;1&#8243; admin_label=&#8221;Header &#038; Call to Action&#8221; _builder_version=&#8221;4.24.1&#8243; _module_preset=&#8221;default&#8221; da_disable_devices=&#8221;off|off|off&#8221; collapsed=&#8221;on&#8221; global_colors_info=&#8221;{}&#8221; da_is_popup=&#8221;off&#8221; da_exit_intent=&#8221;off&#8221; da_has_close=&#8221;on&#8221; da_alt_close=&#8221;off&#8221; da_dark_close=&#8221;off&#8221; da_not_modal=&#8221;on&#8221; da_is_singular=&#8221;off&#8221; da_with_loader=&#8221;off&#8221; da_has_shadow=&#8221;on&#8221;][et_pb_row _builder_version=&#8221;4.24.1&#8243; _module_preset=&#8221;default&#8221; max_width=&#8221;800px&#8221; global_colors_info=&#8221;{}&#8221;][et_pb_column type=&#8221;4_4&#8243; _builder_version=&#8221;4.24.1&#8243; _module_preset=&#8221;default&#8221; global_colors_info=&#8221;{}&#8221;][et_pb_heading title=&#8221;S\u00f6\u00f6 Makaronis \u2013 Itaalia restoran Tallinnas&#8221; _builder_version=&#8221;4.27.5&#8243; _module_preset=&#8221;bbfae65c-bba2-41c9-964a-c67305ff82f1&#8243; title_level=&#8221;h2&#8243; title_font=&#8221;&#8211;et_global_body_font|||on|||||&#8221; title_text_align=&#8221;center&#8221; title_font_size=&#8221;55px&#8221; global_colors_info=&#8221;{}&#8221;][\/et_pb_heading][et_pb_heading title=&#8221;Makaron Resto on Itaalia restoran Tallinnas, kus pakume v\u00e4rsket k\u00e4sit\u00f6\u00f6pastat, hooajalisi roogasid ja ehtsaid Itaalia maitseid.&#8221; _builder_version=&#8221;4.27.5&#8243; _module_preset=&#8221;1761562a-ed3f-40f6-9722-de640ef78b78&#8243; title_text_align=&#8221;center&#8221; title_font_size=&#8221;16px&#8221; max_width=&#8221;900px&#8221; module_alignment=&#8221;center&#8221; locked=&#8221;off&#8221; global_colors_info=&#8221;{}&#8221;][\/et_pb_heading][et_pb_heading title=&#8221;Meie k\u00f6\u00f6k \u00fchendab klassikalised retseptid ja kaasaegse l\u00e4henemise, et iga k\u00fclastus oleks meeldej\u00e4\u00e4v.&#8221; _builder_version=&#8221;4.27.5&#8243; _module_preset=&#8221;1761562a-ed3f-40f6-9722-de640ef78b78&#8243; title_text_align=&#8221;center&#8221; title_font_size=&#8221;16px&#8221; max_width=&#8221;900px&#8221; module_alignment=&#8221;center&#8221; locked=&#8221;off&#8221; global_colors_info=&#8221;{}&#8221;][\/et_pb_heading][et_pb_heading title=&#8221;Ootame sind nautima l\u00f5unat, \u00f5htus\u00f6\u00f6ki v\u00f5i lihtsalt head toitu ja veini (&#8230;.), Tallinna s\u00fcdames.&#8221; _builder_version=&#8221;4.27.5&#8243; _module_preset=&#8221;1761562a-ed3f-40f6-9722-de640ef78b78&#8243; title_text_align=&#8221;center&#8221; title_font_size=&#8221;16px&#8221; max_width=&#8221;900px&#8221; module_alignment=&#8221;center&#8221; hover_enabled=&#8221;0&#8243; locked=&#8221;off&#8221; global_colors_info=&#8221;{}&#8221; sticky_enabled=&#8221;0&#8243;][\/et_pb_heading][\/et_pb_column][\/et_pb_row][et_pb_row column_structure=&#8221;1_2,1_2&#8243; _builder_version=&#8221;4.24.1&#8243; _module_preset=&#8221;default&#8221; max_width=&#8221;800px&#8221; global_colors_info=&#8221;{}&#8221;][et_pb_column type=&#8221;1_2&#8243; _builder_version=&#8221;4.24.1&#8243; _module_preset=&#8221;default&#8221; global_colors_info=&#8221;{}&#8221;][et_pb_button button_url=&#8221;https:\/\/makaronresto.ee\/kontakt\/&#8221; button_text=&#8221;\ud83d\udc49 Telli l\u00f5una kaasa&#8221; button_alignment=&#8221;right&#8221; button_alignment_tablet=&#8221;center&#8221; button_alignment_phone=&#8221;center&#8221; button_alignment_last_edited=&#8221;on|tablet&#8221; _builder_version=&#8221;4.27.5&#8243; _module_preset=&#8221;f2fd305f-1705-4a6f-b907-6719f91f8faf&#8221; global_colors_info=&#8221;{}&#8221;][\/et_pb_button][\/et_pb_column][et_pb_column type=&#8221;1_2&#8243; _builder_version=&#8221;4.24.1&#8243; _module_preset=&#8221;default&#8221; global_colors_info=&#8221;{}&#8221;][et_pb_button button_url=&#8221;https:\/\/makaronresto.ee\/kontakt\/&#8221; button_text=&#8221;\ud83d\udc49 Broneeri laud&#8221; button_alignment_tablet=&#8221;center&#8221; button_alignment_phone=&#8221;center&#8221; button_alignment_last_edited=&#8221;on|tablet&#8221; _builder_version=&#8221;4.27.5&#8243; _module_preset=&#8221;f2fd305f-1705-4a6f-b907-6719f91f8faf&#8221; locked=&#8221;off&#8221; global_colors_info=&#8221;{}&#8221;][\/et_pb_button][\/et_pb_column][\/et_pb_row][\/et_pb_section][et_pb_section fb_built=&#8221;1&#8243; admin_label=&#8221;Features&#8221; _builder_version=&#8221;4.24.1&#8243; _module_preset=&#8221;default&#8221; da_disable_devices=&#8221;off|off|off&#8221; collapsed=&#8221;on&#8221; global_colors_info=&#8221;{}&#8221; da_is_popup=&#8221;off&#8221; da_exit_intent=&#8221;off&#8221; da_has_close=&#8221;on&#8221; da_alt_close=&#8221;off&#8221; da_dark_close=&#8221;off&#8221; da_not_modal=&#8221;on&#8221; da_is_singular=&#8221;off&#8221; da_with_loader=&#8221;off&#8221; da_has_shadow=&#8221;on&#8221;][et_pb_row _builder_version=&#8221;4.24.2&#8243; _module_preset=&#8221;default&#8221; max_width=&#8221;510px&#8221; locked=&#8221;off&#8221; global_colors_info=&#8221;{}&#8221;][et_pb_column type=&#8221;4_4&#8243; saved_specialty_column_type=&#8221;1_2&#8243; _builder_version=&#8221;4.24.1&#8243; _module_preset=&#8221;default&#8221; global_colors_info=&#8221;{}&#8221;][et_pb_heading title=&#8221;3 viisi nautida Itaalia toitu Makaronis&#8221; _builder_version=&#8221;4.27.5&#8243; _module_preset=&#8221;518baa4c-83b9-4451-bb65-92a678ab77e3&#8243; title_font=&#8221;&#8211;et_global_body_font||||||||&#8221; title_text_align=&#8221;center&#8221; title_font_size=&#8221;50px&#8221; max_width=&#8221;510px&#8221; global_colors_info=&#8221;{}&#8221;][\/et_pb_heading][et_pb_heading title=&#8221;L\u00f5una Makaronis&#8221; _builder_version=&#8221;4.27.5&#8243; _module_preset=&#8221;2ee97a53-22b3-4da4-ae14-5f4bec65781b&#8221; title_text_align=&#8221;center&#8221; max_width=&#8221;510px&#8221; custom_margin=&#8221;||0px||false|false&#8221; global_colors_info=&#8221;{}&#8221;][\/et_pb_heading][et_pb_text _builder_version=&#8221;4.27.5&#8243; _module_preset=&#8221;92fba9bc-2149-43e0-8b8a-264af191f1c0&#8243; text_orientation=&#8221;center&#8221; max_width=&#8221;510px&#8221; custom_margin=&#8221;||30px||false|false&#8221; hover_enabled=&#8221;0&#8243; global_colors_info=&#8221;{}&#8221; sticky_enabled=&#8221;0&#8243;]<\/p>\n<p>Naudi v\u00e4rsket k\u00e4sit\u00f6\u00f6pastat ja hooajalisi Itaalia roogasid meie hubases restoranis <strong data-start=\"445\" data-end=\"465\">Tallinnas (&#8230;.)<\/strong>. Ideaalne valik t\u00f6\u00f6p\u00e4eva l\u00f5unaks v\u00f5i rahulikuks kohtumiseks.<\/p>\n<p>[\/et_pb_text][et_pb_heading title=&#8221;Toit kaasa&#8221; _builder_version=&#8221;4.27.5&#8243; _module_preset=&#8221;2ee97a53-22b3-4da4-ae14-5f4bec65781b&#8221; title_text_align=&#8221;center&#8221; max_width=&#8221;510px&#8221; custom_margin=&#8221;||0px||false|false&#8221; global_colors_info=&#8221;{}&#8221;][\/et_pb_heading][et_pb_text _builder_version=&#8221;4.27.5&#8243; _module_preset=&#8221;92fba9bc-2149-43e0-8b8a-264af191f1c0&#8243; text_orientation=&#8221;center&#8221; max_width=&#8221;510px&#8221; custom_margin=&#8221;||30px||false|false&#8221; global_colors_info=&#8221;{}&#8221;]<\/p>\n<p>Kui soovid Itaalia maitseid nautida kodus v\u00f5i kontoris, telli oma lemmikroad <strong data-start=\"651\" data-end=\"668\">toiduna kaasa<\/strong>. Valmistame k\u00f5ik toidud v\u00e4rskelt ja kiirelt.<\/p>\n<p>[\/et_pb_text][et_pb_heading title=&#8221;\u00d5htus\u00f6\u00f6k ja erimen\u00fc\u00fc&#8221; _builder_version=&#8221;4.27.5&#8243; _module_preset=&#8221;2ee97a53-22b3-4da4-ae14-5f4bec65781b&#8221; title_text_align=&#8221;center&#8221; max_width=&#8221;510px&#8221; custom_margin=&#8221;||0px||false|false&#8221; global_colors_info=&#8221;{}&#8221;][\/et_pb_heading][et_pb_text _builder_version=&#8221;4.27.5&#8243; _module_preset=&#8221;92fba9bc-2149-43e0-8b8a-264af191f1c0&#8243; text_orientation=&#8221;center&#8221; max_width=&#8221;510px&#8221; custom_margin=&#8221;||30px||false|false&#8221; global_colors_info=&#8221;{}&#8221;]<\/p>\n<p>Broneeri laud ja naudi <strong data-start=\"798\" data-end=\"840\">\u00f5htus\u00f6\u00f6ki Itaalia restoranis Tallinnas<\/strong>. Meie men\u00fc\u00fcst leiad klassikalised maitsed, kvaliteetse veini ja erimen\u00fc\u00fcd erilisemateks hetkedeks.<\/p>\n<p>[\/et_pb_text][\/et_pb_column][\/et_pb_row][\/et_pb_section][et_pb_section fb_built=&#8221;1&#8243; admin_label=&#8221;Gallery&#8221; _builder_version=&#8221;4.24.2&#8243; _module_preset=&#8221;default&#8221; custom_padding=&#8221;16px|0px|67px|0px|false|true&#8221; da_disable_devices=&#8221;off|off|off&#8221; locked=&#8221;off&#8221; collapsed=&#8221;on&#8221; global_colors_info=&#8221;{}&#8221; da_is_popup=&#8221;off&#8221; da_exit_intent=&#8221;off&#8221; da_has_close=&#8221;on&#8221; da_alt_close=&#8221;off&#8221; da_dark_close=&#8221;off&#8221; da_not_modal=&#8221;on&#8221; da_is_singular=&#8221;off&#8221; da_with_loader=&#8221;off&#8221; da_has_shadow=&#8221;on&#8221;][et_pb_row column_structure=&#8221;1_3,1_3,1_3&#8243; _builder_version=&#8221;4.24.2&#8243; _module_preset=&#8221;default&#8221; width=&#8221;90%&#8221; max_width=&#8221;2000px&#8221; global_colors_info=&#8221;{}&#8221;][et_pb_column type=&#8221;1_3&#8243; _builder_version=&#8221;4.24.1&#8243; _module_preset=&#8221;default&#8221; global_colors_info=&#8221;{}&#8221;][et_pb_image src=&#8221;https:\/\/makaronresto.ee\/wp-content\/uploads\/2026\/02\/3486636-f2466834e45341118b6d382ecf1bb2b1.webp&#8221; title_text=&#8221;3486636-f2466834e45341118b6d382ecf1bb2b1&#8243; _builder_version=&#8221;4.27.5&#8243; _module_preset=&#8221;default&#8221; global_colors_info=&#8221;{}&#8221;][\/et_pb_image][et_pb_text _builder_version=&#8221;4.27.5&#8243; _module_preset=&#8221;default&#8221; text_text_color=&#8221;#FFFFFF&#8221; text_font_size=&#8221;29px&#8221; custom_margin=&#8221;-121px|||30px|false|false&#8221; custom_margin_tablet=&#8221;-114px||||false|false&#8221; custom_margin_phone=&#8221;-78px||||false|false&#8221; custom_margin_last_edited=&#8221;on|phone&#8221; custom_padding=&#8221;0px||||false|false&#8221; text_font_size_tablet=&#8221;44px&#8221; text_font_size_phone=&#8221;21px&#8221; global_colors_info=&#8221;{}&#8221;]<\/p>\n<p><strong>Klassikalised Itaalia maitsed<\/strong><\/p>\n<p>[\/et_pb_text][\/et_pb_column][et_pb_column type=&#8221;1_3&#8243; _builder_version=&#8221;4.24.1&#8243; _module_preset=&#8221;default&#8221; global_colors_info=&#8221;{}&#8221;][et_pb_image src=&#8221;https:\/\/makaronresto.ee\/wp-content\/uploads\/2026\/02\/7811505-0374f80467b849ada459ada1ba37a7f6.webp&#8221; title_text=&#8221;7811505-0374f80467b849ada459ada1ba37a7f6&#8243; _builder_version=&#8221;4.27.5&#8243; _module_preset=&#8221;default&#8221; locked=&#8221;off&#8221; global_colors_info=&#8221;{}&#8221;][\/et_pb_image][et_pb_text _builder_version=&#8221;4.27.5&#8243; _module_preset=&#8221;default&#8221; text_text_color=&#8221;#FFFFFF&#8221; text_font_size=&#8221;26px&#8221; custom_margin=&#8221;-121px|||60px|false|false&#8221; custom_margin_tablet=&#8221;-121px|||60px|false|false&#8221; custom_margin_phone=&#8221;-80px|||50px|false|false&#8221; custom_margin_last_edited=&#8221;on|phone&#8221; hover_enabled=&#8221;0&#8243; text_font_size_tablet=&#8221;44px&#8221; text_font_size_phone=&#8221;21px&#8221; global_colors_info=&#8221;{}&#8221; sticky_enabled=&#8221;0&#8243;]<\/p>\n<p><strong>L\u00f5una ja \u00f5htus\u00f6\u00f6k (&#8230;.)<\/strong><\/p>\n<p>[\/et_pb_text][\/et_pb_column][et_pb_column type=&#8221;1_3&#8243; _builder_version=&#8221;4.24.1&#8243; _module_preset=&#8221;default&#8221; global_colors_info=&#8221;{}&#8221;][et_pb_image src=&#8221;https:\/\/makaronresto.ee\/wp-content\/uploads\/2026\/02\/3926130-1d7b847057914cdcbbf4019b9e557f1f.webp&#8221; title_text=&#8221;3926130-1d7b847057914cdcbbf4019b9e557f1f&#8221; _builder_version=&#8221;4.27.5&#8243; _module_preset=&#8221;default&#8221; locked=&#8221;off&#8221; global_colors_info=&#8221;{}&#8221;][\/et_pb_image][et_pb_text _builder_version=&#8221;4.27.5&#8243; _module_preset=&#8221;default&#8221; text_text_color=&#8221;#FFFFFF&#8221; text_font_size=&#8221;26px&#8221; custom_margin=&#8221;-121px|||34px|false|false&#8221; custom_margin_tablet=&#8221;-121px|||34px|false|false&#8221; custom_margin_phone=&#8221;-86px|||27px|false|false&#8221; custom_margin_last_edited=&#8221;on|phone&#8221; text_font_size_tablet=&#8221;44px&#8221; text_font_size_phone=&#8221;21px&#8221; text_font_size_last_edited=&#8221;on|phone&#8221; global_colors_info=&#8221;{}&#8221;]<\/p>\n<p><strong>V\u00e4rske k\u00e4sit\u00f6\u00f6pasta iga p\u00e4ev<\/strong><\/p>\n<p>[\/et_pb_text][\/et_pb_column][\/et_pb_row][\/et_pb_section]<\/p>\n","protected":false},"excerpt":{"rendered":"<p>Naudi v\u00e4rsket k\u00e4sit\u00f6\u00f6pastat ja hooajalisi Itaalia roogasid meie hubases restoranis Tallinnas (&#8230;.). Ideaalne valik t\u00f6\u00f6p\u00e4eva l\u00f5unaks v\u00f5i rahulikuks kohtumiseks.Kui soovid Itaalia maitseid nautida kodus v\u00f5i kontoris, telli oma lemmikroad toiduna kaasa. Valmistame k\u00f5ik toidud v\u00e4rskelt ja kiirelt.Broneeri laud ja naudi \u00f5htus\u00f6\u00f6ki Itaalia restoranis Tallinnas. Meie men\u00fc\u00fcst leiad klassikalised maitsed, kvaliteetse veini ja erimen\u00fc\u00fcd erilisemateks hetkedeks.Klassikalised [&hellip;]<\/p>\n","protected":false},"author":1,"featured_media":0,"parent":0,"menu_order":0,"comment_status":"closed","ping_status":"closed","template":"","meta":{"_et_pb_use_builder":"on","_et_pb_old_content":"","_et_gb_content_width":"","footnotes":""},"class_list":["post-26","page","type-page","status-publish","hentry"],"_links":{"self":[{"href":"https:\/\/makaronresto.ee\/en\/wp-json\/wp\/v2\/pages\/26","targetHints":{"allow":["GET"]}}],"collection":[{"href":"https:\/\/makaronresto.ee\/en\/wp-json\/wp\/v2\/pages"}],"about":[{"href":"https:\/\/makaronresto.ee\/en\/wp-json\/wp\/v2\/types\/page"}],"author":[{"embeddable":true,"href":"https:\/\/makaronresto.ee\/en\/wp-json\/wp\/v2\/users\/1"}],"replies":[{"embeddable":true,"href":"https:\/\/makaronresto.ee\/en\/wp-json\/wp\/v2\/comments?post=26"}],"version-history":[{"count":10,"href":"https:\/\/makaronresto.ee\/en\/wp-json\/wp\/v2\/pages\/26\/revisions"}],"predecessor-version":[{"id":460,"href":"https:\/\/makaronresto.ee\/en\/wp-json\/wp\/v2\/pages\/26\/revisions\/460"}],"wp:attachment":[{"href":"https:\/\/makaronresto.ee\/en\/wp-json\/wp\/v2\/media?parent=26"}],"curies":[{"name":"wp","href":"https:\/\/api.w.org\/{rel}","templated":true}]}}