{"id":410,"date":"2026-02-10T14:06:25","date_gmt":"2026-02-10T12:06:25","guid":{"rendered":"https:\/\/makaronresto.ee\/?page_id=410"},"modified":"2026-02-10T14:12:06","modified_gmt":"2026-02-10T12:12:06","slug":"privaatsuspoliitika","status":"publish","type":"page","link":"https:\/\/makaronresto.ee\/en\/privaatsuspoliitika\/","title":{"rendered":"Privacy Policy"},"content":{"rendered":"<h2 class=\"wp-block-heading\">1. \u00dclds\u00e4tted<\/h2>\n\n\n\n<p>K\u00e4esolev privaatsuspoliitika selgitab, kuidas MAKARON kogub, kasutab ja kaitseb isikuandmeid vastavalt Euroopa Liidu isikuandmete kaitse \u00fcldm\u00e4\u00e4rusele (GDPR).<\/p>\n\n\n\n<p>Veebilehe kasutamisel n\u00f5ustute k\u00e4esolevate tingimustega.<\/p>\n\n\n\n<h2 class=\"wp-block-heading\">2. Kogutavad andmed<\/h2>\n\n\n\n<p>V\u00f5ime koguda j\u00e4rgmisi andmeid:<\/p>\n\n\n\n<ul class=\"wp-block-list\">\n<li>nimi<\/li>\n\n\n\n<li>e-posti aadress<\/li>\n\n\n\n<li>telefoninumber<\/li>\n\n\n\n<li>s\u00f5numi sisu (kontaktivormist v\u00f5i e-kirjast)<\/li>\n\n\n\n<li>broneeringu info<\/li>\n\n\n\n<li>IP-aadress ja tehnilised k\u00fcpsised<\/li>\n<\/ul>\n\n\n\n<h2 class=\"wp-block-heading\">3. Andmete kasutamine<\/h2>\n\n\n\n<p>Andmeid kasutatakse:<\/p>\n\n\n\n<ul class=\"wp-block-list\">\n<li>p\u00e4ringutele vastamiseks<\/li>\n\n\n\n<li>broneeringute haldamiseks<\/li>\n\n\n\n<li>kliendisuhtluseks (telefon, e-post, WhatsApp)<\/li>\n\n\n\n<li>teenuse osutamiseks<\/li>\n\n\n\n<li>veebilehe toimimise ja turvalisuse tagamiseks<\/li>\n\n\n\n<li>statistika anal\u00fc\u00fcsimiseks<\/li>\n<\/ul>\n\n\n\n<p>Andmeid ei m\u00fc\u00fcda kolmandatele osapooltele.<\/p>\n\n\n\n<h2 class=\"wp-block-heading\">4. K\u00fcpsised<\/h2>\n\n\n\n<p>Veebileht kasutab k\u00fcpsiseid, et:<\/p>\n\n\n\n<ul class=\"wp-block-list\">\n<li>tagada korrektne toimimine<\/li>\n\n\n\n<li>anal\u00fc\u00fcsida k\u00fclastatavust<\/li>\n\n\n\n<li>parandada kasutajakogemust<\/li>\n<\/ul>\n\n\n\n<h2 class=\"wp-block-heading\">5. S\u00e4ilitamine<\/h2>\n\n\n\n<p>Isikuandmeid s\u00e4ilitatakse ainult nii kaua kui vajalik kliendisuhtluseks v\u00f5i seadusest tulenevate kohustuste t\u00e4itmiseks.<\/p>\n\n\n\n<h2 class=\"wp-block-heading\">6. Kasutaja \u00f5igused<\/h2>\n\n\n\n<p>Kasutajal on \u00f5igus:<\/p>\n\n\n\n<ul class=\"wp-block-list\">\n<li>saada ligip\u00e4\u00e4s oma andmetele<\/li>\n\n\n\n<li>n\u00f5uda parandamist<\/li>\n\n\n\n<li>n\u00f5uda kustutamist<\/li>\n\n\n\n<li>piirata t\u00f6\u00f6tlemist<\/li>\n<\/ul>\n\n\n\n<p>Kontakt:<mark style=\"background-color:rgba(0, 0, 0, 0)\" class=\"has-inline-color has-black-color\"> <\/mark><a href=\"mailto:info@makaronresto.ee\"><mark style=\"background-color:rgba(0, 0, 0, 0)\" class=\"has-inline-color has-vivid-cyan-blue-color\">info@makaronresto.ee<\/mark><\/a><\/p>\n\n\n\n<h2 class=\"wp-block-heading\">7. Andmete turvalisus<\/h2>\n\n\n\n<p>Rakendame m\u00f5istlikke turvameetmeid isikuandmete kaitsmiseks.<\/p>\n\n\n\n<h2 class=\"wp-block-heading\">8. Kontakt<\/h2>\n\n\n\n<p>MAKARON<br>Kopli tn 16, Tallinn<br><a href=\"mailto:info@makaronresto.ee\"><mark style=\"background-color:rgba(0, 0, 0, 0)\" class=\"has-inline-color has-vivid-cyan-blue-color\">info@makaronresto.ee<\/mark><\/a><br>+372 5646 8828<\/p>\n\n\n\n<p>Viimane uuendus: 2026<\/p>","protected":false},"excerpt":{"rendered":"<p>1. \u00dclds\u00e4tted K\u00e4esolev privaatsuspoliitika selgitab, kuidas MAKARON kogub, kasutab ja kaitseb isikuandmeid vastavalt Euroopa Liidu isikuandmete kaitse \u00fcldm\u00e4\u00e4rusele (GDPR). Veebilehe kasutamisel n\u00f5ustute k\u00e4esolevate tingimustega. 2. Kogutavad andmed V\u00f5ime koguda j\u00e4rgmisi andmeid: 3. Andmete kasutamine Andmeid kasutatakse: Andmeid ei m\u00fc\u00fcda kolmandatele osapooltele. 4. K\u00fcpsised Veebileht kasutab k\u00fcpsiseid, et: 5. S\u00e4ilitamine Isikuandmeid s\u00e4ilitatakse ainult nii kaua kui [&hellip;]<\/p>\n","protected":false},"author":1,"featured_media":0,"parent":0,"menu_order":0,"comment_status":"closed","ping_status":"closed","template":"","meta":{"_et_pb_use_builder":"off","_et_pb_old_content":"","_et_gb_content_width":"","footnotes":""},"class_list":["post-410","page","type-page","status-publish","hentry"],"_links":{"self":[{"href":"https:\/\/makaronresto.ee\/en\/wp-json\/wp\/v2\/pages\/410","targetHints":{"allow":["GET"]}}],"collection":[{"href":"https:\/\/makaronresto.ee\/en\/wp-json\/wp\/v2\/pages"}],"about":[{"href":"https:\/\/makaronresto.ee\/en\/wp-json\/wp\/v2\/types\/page"}],"author":[{"embeddable":true,"href":"https:\/\/makaronresto.ee\/en\/wp-json\/wp\/v2\/users\/1"}],"replies":[{"embeddable":true,"href":"https:\/\/makaronresto.ee\/en\/wp-json\/wp\/v2\/comments?post=410"}],"version-history":[{"count":4,"href":"https:\/\/makaronresto.ee\/en\/wp-json\/wp\/v2\/pages\/410\/revisions"}],"predecessor-version":[{"id":417,"href":"https:\/\/makaronresto.ee\/en\/wp-json\/wp\/v2\/pages\/410\/revisions\/417"}],"wp:attachment":[{"href":"https:\/\/makaronresto.ee\/en\/wp-json\/wp\/v2\/media?parent=410"}],"curies":[{"name":"wp","href":"https:\/\/api.w.org\/{rel}","templated":true}]}}